{"id":1887,"date":"2019-07-12T16:13:41","date_gmt":"2019-07-12T16:13:41","guid":{"rendered":"http:\/\/www.clickclickdrive.be\/blogm\/?page_id=1887"},"modified":"2019-07-12T16:13:41","modified_gmt":"2019-07-12T16:13:41","slug":"be-cookie-policy","status":"publish","type":"page","link":"https:\/\/www.clickclickdrive.be\/blog\/be-cookie-policy\/","title":{"rendered":"Utilisation des cookies"},"content":{"rendered":"\n<p>Politique en mati\u00e8re de cookies pour ClickClickDrive GmbH<br>Il s&rsquo;agit de la politique en mati\u00e8re de cookies pour ClickClickDrive GmbH, accessible \u00e0 partir de www.clickclickdrive.be<\/p>\n\n\n\n<p>Que sont les cookies ?<\/p>\n\n\n\n<p>Comme c&rsquo;est la pratique courante sur presque tous les sites Web professionnels, ce site utilise des cookies, qui sont de minuscules fichiers t\u00e9l\u00e9charg\u00e9s sur votre ordinateur, afin d&rsquo;am\u00e9liorer votre exp\u00e9rience. Cette page d\u00e9crit les informations qu&rsquo;ils recueillent, comment nous les utilisons et pourquoi nous avons parfois besoin de stocker ces cookies. Nous partagerons \u00e9galement la fa\u00e7on dont vous pouvez emp\u00eacher ces cookies d&rsquo;\u00eatre stock\u00e9s, mais cela peut entra\u00eener une d\u00e9gradation ou une \u00a0\u00bb rupture \u00a0\u00bb de certains \u00e9l\u00e9ments de la fonctionnalit\u00e9 du site.<\/p>\n\n\n\n<p>Pour plus d&rsquo;informations g\u00e9n\u00e9rales sur les cookies, voir l&rsquo;article de Wikipedia sur les cookies HTTP.<\/p>\n\n\n\n<p>Comment nous utilisons les cookies<\/p>\n\n\n\n<p>Nous utilisons les cookies pour une vari\u00e9t\u00e9 de raisons d\u00e9taill\u00e9es ci-dessous. Malheureusement, dans la plupart des cas, il n&rsquo;existe pas d&rsquo;options standard de l&rsquo;industrie pour d\u00e9sactiver les cookies sans d\u00e9sactiver compl\u00e8tement les fonctionnalit\u00e9s et les fonctionnalit\u00e9s qu&rsquo;ils ajoutent \u00e0 ce site. Il est recommand\u00e9 de laisser sur tous les cookies si vous n&rsquo;\u00eates pas s\u00fbr d&rsquo;en avoir besoin ou non au cas o\u00f9 ils sont utilis\u00e9s pour fournir un service que vous utilisez.<\/p>\n\n\n\n<p>D\u00e9sactiver les cookies<\/p>\n\n\n\n<p>Vous pouvez emp\u00eacher l&rsquo;installation de cookies en r\u00e9glant les param\u00e8tres de votre navigateur (voir l&rsquo;aide de votre navigateur pour savoir comment proc\u00e9der). Sachez que la d\u00e9sactivation des cookies affectera la fonctionnalit\u00e9 de ce site Web et de nombreux autres sites Web que vous visitez. La d\u00e9sactivation des cookies entra\u00eene g\u00e9n\u00e9ralement la d\u00e9sactivation de certaines fonctionnalit\u00e9s et caract\u00e9ristiques de ce site. Il est donc recommand\u00e9 de ne pas d\u00e9sactiver les cookies.<\/p>\n\n\n\n<p>Les cookies que nous installons<\/p>\n\n\n\n<p>Cookies li\u00e9s au compte<br>Si vous cr\u00e9ez un compte chez nous, nous utiliserons des cookies pour la gestion du processus d&rsquo;inscription et l&rsquo;administration g\u00e9n\u00e9rale. Ces cookies seront g\u00e9n\u00e9ralement supprim\u00e9s lorsque vous vous d\u00e9connectez, mais dans certains cas, ils peuvent rester en m\u00e9moire pour se souvenir de vos pr\u00e9f\u00e9rences de site lorsque vous vous d\u00e9connectez.<\/p>\n\n\n\n<p>Commandes de traitement des cookies li\u00e9s au traitement des commandes<br>Ce site offre des facilit\u00e9s de commerce \u00e9lectronique ou de paiement et certains cookies sont essentiels pour s&rsquo;assurer que votre commande est m\u00e9moris\u00e9e entre les pages afin que nous puissions la traiter correctement.<\/p>\n\n\n\n<p>Pr\u00e9f\u00e9rences du site cookies<br>Afin de vous offrir une grande exp\u00e9rience sur ce site, nous fournissons la fonctionnalit\u00e9 pour d\u00e9finir vos pr\u00e9f\u00e9rences quant \u00e0 la fa\u00e7on dont ce site fonctionne lorsque vous l&rsquo;utilisez. Afin de se souvenir de vos pr\u00e9f\u00e9rences, nous devons d\u00e9finir des cookies afin que ces informations puissent \u00eatre appel\u00e9es chaque fois que vous interagissez avec une page est affect\u00e9e par vos pr\u00e9f\u00e9rences.<\/p>\n\n\n\n<p>Cookies de tiers<\/p>\n\n\n\n<p>Dans certains cas particuliers, nous utilisons \u00e9galement des cookies fournis par des tiers de confiance. La section suivante d\u00e9taille les cookies de tiers que vous pourriez rencontrer par l&rsquo;interm\u00e9diaire de ce site.<\/p>\n\n\n\n<p>Ce site utilise Google Analytics qui est l&rsquo;une des solutions d&rsquo;analyse les plus r\u00e9pandues et les plus fiables sur le web pour nous aider \u00e0 comprendre comment vous utilisez le site et comment nous pouvons am\u00e9liorer votre exp\u00e9rience. Ces cookies peuvent suivre des choses telles que le temps que vous passez sur le site et les pages que vous visitez afin que nous puissions continuer \u00e0 produire un contenu engageant.<br>Pour plus d&rsquo;informations sur les cookies Google Analytics, consultez la page officielle de Google Analytics.<\/p>\n\n\n\n<p>Des analyses de tierces parties sont utilis\u00e9es pour suivre et mesurer l&rsquo;utilisation de ce site afin que nous puissions continuer \u00e0 produire du contenu engageant. Ces cookies peuvent suivre des choses telles que le temps que vous passez sur le site ou les pages que vous visitez, ce qui nous aide \u00e0 comprendre comment nous pouvons am\u00e9liorer le site pour vous.<br>De temps en temps, nous testons de nouvelles fonctionnalit\u00e9s et apportons des changements subtils \u00e0 la fa\u00e7on dont le site est livr\u00e9. Lorsque nous testons encore de nouvelles fonctionnalit\u00e9s, ces cookies peuvent \u00eatre utilis\u00e9s pour s&rsquo;assurer que vous b\u00e9n\u00e9ficiez d&rsquo;une exp\u00e9rience coh\u00e9rente sur le site tout en s&rsquo;assurant que nous comprenons quelles optimisations nos utilisateurs appr\u00e9cient le plus.<br>Comme nous vendons des produits, il est important pour nous de comprendre les statistiques sur le nombre de visiteurs de notre site qui font un achat et en tant que tel, c&rsquo;est le type de donn\u00e9es que ces cookies vont suivre. Ceci est important pour vous, car cela signifie que nous pouvons faire des pr\u00e9visions d&rsquo;affaires pr\u00e9cises qui nous permettent de surveiller nos co\u00fbts de publicit\u00e9 et de produits afin d&rsquo;assurer le meilleur prix possible.<br>Le service Google AdSense que nous utilisons pour diffuser de la publicit\u00e9 utilise un cookie DoubleClick pour diffuser des annonces plus pertinentes sur le Web et limiter le nombre de fois qu&rsquo;une annonce donn\u00e9e vous est montr\u00e9e.<br>Pour plus d&rsquo;informations sur Google AdSense, consultez la FAQ officielle sur la protection de la vie priv\u00e9e Google AdSense.<\/p>\n\n\n\n<p>Nous utilisons des publicit\u00e9s pour compenser les co\u00fbts d&rsquo;exploitation de ce site et fournir des fonds pour la poursuite du d\u00e9veloppement. Les cookies publicitaires comportementaux utilis\u00e9s par ce site sont con\u00e7us pour s&rsquo;assurer que nous vous fournissons les annonces les plus pertinentes, dans la mesure du possible, en suivant anonymement vos int\u00e9r\u00eats et en pr\u00e9sentant des choses similaires susceptibles de vous int\u00e9resser.<br>Plusieurs partenaires font de la publicit\u00e9 en notre nom et les cookies de suivi d&rsquo;affiliation nous permettent simplement de voir si nos clients sont venus sur le site via l&rsquo;un de nos sites partenaires afin que nous puissions les cr\u00e9diter de mani\u00e8re appropri\u00e9e et, le cas \u00e9ch\u00e9ant, permettre \u00e0 nos partenaires affili\u00e9s de vous fournir tout bonus qu&rsquo;ils peuvent vous fournir pour effectuer un achat.<br>Nous utilisons \u00e9galement des boutons et\/ou plugins de m\u00e9dias sociaux sur ce site qui vous permettent de vous connecter \u00e0 votre r\u00e9seau social de diff\u00e9rentes mani\u00e8res. Pour que ces derniers fonctionnent, les sites de m\u00e9dias sociaux suivants, y compris ; {Listez les r\u00e9seaux sociaux dont vous avez int\u00e9gr\u00e9 les fonctionnalit\u00e9s \u00e0 votre site ? 12:12}, placeront des cookies sur notre site qui peuvent \u00eatre utilis\u00e9s pour am\u00e9liorer votre profil sur leur site ou contribuer aux donn\u00e9es qu&rsquo;ils d\u00e9tiennent \u00e0 diverses fins d\u00e9crites dans leurs politiques de confidentialit\u00e9 respectives.<br>Plus d&rsquo;informations<\/p>\n\n\n\n<p><strong>Bing Ads<\/strong><br>Nous utilisons le suivi des conversions Microsoft Corporation (One Microsoft Way, Redmond, WA 98052-6399, \u00c9tats-Unis, Microsoft).&nbsp;Lorsque vous visitez notre site Web via une annonce Bing, Microsoft Bing Ads cuisine sur votre appareil.&nbsp;Cela permet \u00e0 Microsoft Bing et \u00e0 nous de reconna\u00eetre que quelqu&rsquo;un a cliqu\u00e9 sur une annonce et a \u00e9t\u00e9 redirig\u00e9 vers notre site Web.&nbsp;Nous ne voyons que le nombre total d&rsquo;utilisateurs ayant cliqu\u00e9 sur une annonce Bing et ayant \u00e9t\u00e9 redirig\u00e9s.&nbsp;Les donn\u00e9es personnelles sur l&rsquo;identit\u00e9 de l&rsquo;utilisateur ne seront pas fournies.&nbsp;Si vous ne souhaitez pas participer au processus de suivi, vous pouvez \u00e9galement refuser de d\u00e9finir le cookie requis &#8211; par exemple, via le param\u00e8tre de votre navigateur en d\u00e9sactivant g\u00e9n\u00e9ralement le param\u00e8tre de cookie automatique.<br><strong>Criteo et Mediaplex<\/strong><br>recueillir sur nos sites et enregistrer les technologies du fournisseur Criteo SA (32 Rue Blanche, 75009 Paris, France, \u00ab\u00a0Criteo\u00a0\u00bb) et Conversant Inc. (30699 Russell Ranch Road # 250, Westlake Village, Californie 91362, \u00c9tats-Unis; \u00ab\u00a0Conversant\u00ae\u00a0\u00bb) Informations sur le comportement de navigation des visiteurs du site \u00e0 des fins de marketing sous forme anonyme.&nbsp;Ces donn\u00e9es sont stock\u00e9es sur votre ordinateur \u00e0 l&rsquo;aide de fichiers texte \u00ab\u00a0cookie\u00a0\u00bb.&nbsp;A l&rsquo;aide d&rsquo;algorithmes, Criteo et Conversant analysent le comportement de navigation et peuvent ensuite afficher des recommandations de produits cibl\u00e9es en tant que banni\u00e8res publicitaires personnalis\u00e9es sur d&rsquo;autres sites (les soi-disant \u00e9diteurs).&nbsp;En aucun cas ces donn\u00e9es ne peuvent \u00eatre utilis\u00e9es pour identifier personnellement le visiteur sur ce site.&nbsp;Les donn\u00e9es collect\u00e9es ne seront utilis\u00e9es que pour am\u00e9liorer l&rsquo;offre.&nbsp;Il n&rsquo;y a pas d&rsquo;autres utilisations ou divulgations \u00e0 des tiers.&nbsp;Vous pouvez choisir un opt-out de l&rsquo;analyse compl\u00e8tement anonyme de votre comportement de navigation en suivant le lien ci-dessous pour Criteo:&nbsp;&nbsp;Cliquez sur&nbsp;<a href=\"http:\/\/www.criteo.com\/privacy\/\">http:\/\/www.criteo.com\/privacy\/<\/a>&nbsp;ou sur Conversant: http:\/\/www.conversantmedia.com\/opt-out cliquez.&nbsp;Pour la technologie Criteo, consultez la politique de confidentialit\u00e9 de Criteo (http:\/\/www.criteo.com\/fr\/privacy policy) et Conversant sur http:\/\/www.conversantmedia.com\/mediaplex\/&nbsp;<strong>Facebook Retargeting<\/strong><\/p>\n\n\n\n<p>Nous utilisons l&rsquo;Outil de reciblage d&rsquo;audience sur site Web personnalis\u00e9 de Facebook Inc. (1601 S. California Ave., Palo Alto, CA 94304, \u00c9tats-Unis, \u00abFacebook\u00bb).&nbsp;Si vous avez un compte utilisateur Facebook et qu&rsquo;il est identifiable sur la base des cookies Facebook existants pour l&rsquo;outil, il g\u00e9n\u00e8re une somme de contr\u00f4le non personnelle, qui sera envoy\u00e9e \u00e0 Facebook \u00e0 des fins d&rsquo;analyse et de marketing.&nbsp;D&rsquo;un autre c\u00f4t\u00e9, nous chiffrons votre adresse e-mail et l&rsquo;envoyons sous forme crypt\u00e9e \u00e0 Facebook.&nbsp;En d\u00e9tectant les cookies et en transmettant des informations crypt\u00e9es, Facebook peut vous montrer des recommandations de produits cibl\u00e9es sous forme de banni\u00e8res personnalis\u00e9es sur Facebook.&nbsp;Vous pouvez vous opposer \u00e0 l&rsquo;utilisation de Facebook Website Custom Audiences sur https:\/\/www.facebook.com\/ads\/website_custom_audiences\/.<\/p>\n\n\n\n<p>Stripe :&nbsp;https:\/\/stripe.com\/be\/privacy or french&nbsp;https:\/\/stripe.com\/fr\/privacy<\/p>\n\n\n\n<p>Esp\u00e9rons que cela a clarifi\u00e9 les choses pour vous et comme cela a \u00e9t\u00e9 mentionn\u00e9 pr\u00e9c\u00e9demment s&rsquo;il y a quelque chose dont vous n&rsquo;\u00eates pas s\u00fbr si vous avez besoin ou non, il est g\u00e9n\u00e9ralement plus s\u00fbr de laisser les cookies activ\u00e9s au cas o\u00f9 ils interagissent avec l&rsquo;une des fonctionnalit\u00e9s que vous utilisez sur notre site.&nbsp;Cette politique de cookies a \u00e9t\u00e9 cr\u00e9\u00e9e avec l&rsquo;aide de CookiePolicyGenerator.com.<\/p>\n\n\n\n<p>Cependant, si vous \u00eates toujours \u00e0 la recherche de plus d&rsquo;informations, vous pouvez nous contacter par l&rsquo;une de nos m\u00e9thodes de contact pr\u00e9f\u00e9r\u00e9es :<\/p>\n\n\n\n<p>Courriel : info@clickclickdrive.net<\/p>\n","protected":false},"excerpt":{"rendered":"<p>Politique en mati\u00e8re de cookies pour ClickClickDrive GmbHIl s&rsquo;agit de la politique en mati\u00e8re de cookies pour ClickClickDrive GmbH, accessible \u00e0 partir de www.clickclickdrive.be Que sont les cookies ? Comme c&rsquo;est la pratique courante sur presque tous les sites Web professionnels, ce site utilise des cookies, qui sont de minuscules fichiers t\u00e9l\u00e9charg\u00e9s sur votre ordinateur, afin d&rsquo;am\u00e9liorer votre exp\u00e9rience. Cette page d\u00e9crit les informations qu&rsquo;ils recueillent, comment nous les utilisons et pourquoi nous avons parfois besoin de stocker ces cookies. [&hellip;]<\/p>\n","protected":false},"author":1,"featured_media":0,"parent":0,"menu_order":0,"comment_status":"closed","ping_status":"closed","template":"","meta":{"ngg_post_thumbnail":0,"footnotes":""},"class_list":["post-1887","page","type-page","status-publish","hentry"],"aioseo_notices":[],"_links":{"self":[{"href":"https:\/\/www.clickclickdrive.be\/blog\/wp-json\/wp\/v2\/pages\/1887","targetHints":{"allow":["GET"]}}],"collection":[{"href":"https:\/\/www.clickclickdrive.be\/blog\/wp-json\/wp\/v2\/pages"}],"about":[{"href":"https:\/\/www.clickclickdrive.be\/blog\/wp-json\/wp\/v2\/types\/page"}],"author":[{"embeddable":true,"href":"https:\/\/www.clickclickdrive.be\/blog\/wp-json\/wp\/v2\/users\/1"}],"replies":[{"embeddable":true,"href":"https:\/\/www.clickclickdrive.be\/blog\/wp-json\/wp\/v2\/comments?post=1887"}],"version-history":[{"count":1,"href":"https:\/\/www.clickclickdrive.be\/blog\/wp-json\/wp\/v2\/pages\/1887\/revisions"}],"predecessor-version":[{"id":1888,"href":"https:\/\/www.clickclickdrive.be\/blog\/wp-json\/wp\/v2\/pages\/1887\/revisions\/1888"}],"wp:attachment":[{"href":"https:\/\/www.clickclickdrive.be\/blog\/wp-json\/wp\/v2\/media?parent=1887"}],"curies":[{"name":"wp","href":"https:\/\/api.w.org\/{rel}","templated":true}]}}